{"id":153,"date":"2023-06-15T19:44:00","date_gmt":"2023-06-15T19:44:00","guid":{"rendered":"http:\/\/new.casadellorolanzarote.com\/?page_id=153"},"modified":"2025-11-21T22:45:57","modified_gmt":"2025-11-21T21:45:57","slug":"home","status":"publish","type":"page","link":"https:\/\/casadellorolanzarote.com\/de\/","title":{"rendered":"Home"},"content":{"rendered":"<div data-elementor-type=\"wp-page\" data-elementor-id=\"153\" class=\"elementor elementor-153\">\n\t\t\t\t\t\t<section class=\"elementor-section elementor-top-section elementor-element elementor-element-d8a82fe elementor-section-boxed elementor-section-height-default elementor-section-height-default\" data-id=\"d8a82fe\" data-element_type=\"section\">\n\t\t\t\t\t\t<div class=\"elementor-container elementor-column-gap-default\">\n\t\t\t\t\t<div class=\"elementor-column elementor-col-100 elementor-top-column elementor-element elementor-element-531f619\" data-id=\"531f619\" data-element_type=\"column\">\n\t\t\t<div class=\"elementor-widget-wrap elementor-element-populated\">\n\t\t\t\t\t\t<div class=\"elementor-element elementor-element-7288743 elementor-widget elementor-widget-image\" data-id=\"7288743\" data-element_type=\"widget\" data-widget_type=\"image.default\">\n\t\t\t\t<div class=\"elementor-widget-container\">\n\t\t\t\t\t\t\t\t\t\t\t\t\t\t\t<img fetchpriority=\"high\" decoding=\"async\" width=\"856\" height=\"642\" src=\"https:\/\/casadellorolanzarote.com\/wp-content\/uploads\/2023\/06\/homepage-casadelloro.jpg\" class=\"attachment-large size-large wp-image-26\" alt=\"\" srcset=\"https:\/\/casadellorolanzarote.com\/wp-content\/uploads\/2023\/06\/homepage-casadelloro.jpg 856w, https:\/\/casadellorolanzarote.com\/wp-content\/uploads\/2023\/06\/homepage-casadelloro-300x225.jpg 300w, https:\/\/casadellorolanzarote.com\/wp-content\/uploads\/2023\/06\/homepage-casadelloro-768x576.jpg 768w\" sizes=\"(max-width: 856px) 100vw, 856px\" \/>\t\t\t\t\t\t\t\t\t\t\t\t\t\t\t<\/div>\n\t\t\t\t<\/div>\n\t\t\t\t\t<\/div>\n\t\t<\/div>\n\t\t\t\t\t<\/div>\n\t\t<\/section>\n\t\t\t\t<section class=\"elementor-section elementor-top-section elementor-element elementor-element-0e3e917 elementor-section-boxed elementor-section-height-default elementor-section-height-default\" data-id=\"0e3e917\" data-element_type=\"section\">\n\t\t\t\t\t\t<div class=\"elementor-container elementor-column-gap-default\">\n\t\t\t\t\t<div class=\"elementor-column elementor-col-33 elementor-top-column elementor-element elementor-element-8333401\" data-id=\"8333401\" data-element_type=\"column\">\n\t\t\t<div class=\"elementor-widget-wrap elementor-element-populated\">\n\t\t\t\t\t\t<div class=\"elementor-element elementor-element-da42f4f elementor-widget elementor-widget-text-editor\" data-id=\"da42f4f\" data-element_type=\"widget\" data-widget_type=\"text-editor.default\">\n\t\t\t\t<div class=\"elementor-widget-container\">\n\t\t\t\t\t\t\t\t\t<div id=\"u81010\" class=\"clearfix grpelem shared_content\" data-content-guid=\"u81010_content\"><div id=\"u406-9\" class=\"clearfix grpelem shared_content\" data-muse-uid=\"U406\" data-muse-type=\"txt_frame\" data-content-guid=\"u406-9_content\"><p>Die Villa CASA DEL LORO befindet sich in der sehr gepflegten Siedlung Faro Park IV in Playa Blanca, Lanzarote. Sie wird ganzj\u00e4hrig vermietet und verf\u00fcgt \u00fcber 4 Schlafzimmer, einen gro\u00dfz\u00fcgigen Wohn-Essbereich, zwei B\u00e4der und eine komplett eingerichtete K\u00fcche mit Geschirrsp\u00fcler.<\/p><p>Zur Villa geh\u00f6ren ein privater Garten mit beheizbarem Pool, einem \u00fcberdachten Essplatz und gemauertem Grill, sowie ein Parkplatz vor dem Haus.<\/p><\/div><\/div>\t\t\t\t\t\t\t\t<\/div>\n\t\t\t\t<\/div>\n\t\t\t\t\t<\/div>\n\t\t<\/div>\n\t\t\t\t<div class=\"elementor-column elementor-col-33 elementor-top-column elementor-element elementor-element-382c40c\" data-id=\"382c40c\" data-element_type=\"column\">\n\t\t\t<div class=\"elementor-widget-wrap elementor-element-populated\">\n\t\t\t\t\t\t<div class=\"elementor-element elementor-element-40b7f5e elementor-widget elementor-widget-text-editor\" data-id=\"40b7f5e\" data-element_type=\"widget\" data-widget_type=\"text-editor.default\">\n\t\t\t\t<div class=\"elementor-widget-container\">\n\t\t\t\t\t\t\t\t\t<p id=\"u409-2\">Von der Terrasse im ersten Stock hat man einen sch\u00f6nen Ausblick bis aufs Meer.<\/p><p id=\"u409-5\">Die Promenade entlang der K\u00fcste erreicht man in 5 Minuten zu Fu\u00df. Auch ein Spielplatz befindet sich in Gehdistanz.<\/p><p id=\"u409-8\">Restaurants und Einkaufm\u00f6glichkeiten sind nur 3 Minuten entfernt.<\/p>\t\t\t\t\t\t\t\t<\/div>\n\t\t\t\t<\/div>\n\t\t\t\t\t<\/div>\n\t\t<\/div>\n\t\t\t\t<div class=\"elementor-column elementor-col-33 elementor-top-column elementor-element elementor-element-e145ca1\" data-id=\"e145ca1\" data-element_type=\"column\">\n\t\t\t<div class=\"elementor-widget-wrap elementor-element-populated\">\n\t\t\t\t\t\t<div class=\"elementor-element elementor-element-0e83253 elementor-widget elementor-widget-text-editor\" data-id=\"0e83253\" data-element_type=\"widget\" data-widget_type=\"text-editor.default\">\n\t\t\t\t<div class=\"elementor-widget-container\">\n\t\t\t\t\t\t\t\t\t<p id=\"u412-2\">Das Zentrum von Playa Blanca oder die sch\u00f6nen Sandstr\u00e4nde Playa Flamingo und Playa Dorada erreicht man mit dem Auto in ca. 10 Minuten oder mit dem Bus.<\/p><p id=\"u412-5\">Die Bushaltestelle ist ganz in der N\u00e4he, der Bus f\u00e4hrt alle 30 Minuten.<\/p>\t\t\t\t\t\t\t\t<\/div>\n\t\t\t\t<\/div>\n\t\t\t\t<div class=\"elementor-element elementor-element-a68163c elementor-align-center elementor-widget elementor-widget-button\" data-id=\"a68163c\" data-element_type=\"widget\" data-widget_type=\"button.default\">\n\t\t\t\t<div class=\"elementor-widget-container\">\n\t\t\t\t\t\t\t\t\t<div class=\"elementor-button-wrapper\">\n\t\t\t\t\t<a class=\"elementor-button elementor-button-link elementor-size-sm\" href=\"http:\/\/casadellorolanzarote.com\/de\/availability-rates\/\" id=\"AVAILABILITYKnopf\">\n\t\t\t\t\t\t<span class=\"elementor-button-content-wrapper\">\n\t\t\t\t\t\t\t\t\t<span class=\"elementor-button-text\">Verf\u00fcgbarkeit pr\u00fcfen<\/span>\n\t\t\t\t\t<\/span>\n\t\t\t\t\t<\/a>\n\t\t\t\t<\/div>\n\t\t\t\t\t\t\t\t<\/div>\n\t\t\t\t<\/div>\n\t\t\t\t\t<\/div>\n\t\t<\/div>\n\t\t\t\t\t<\/div>\n\t\t<\/section>\n\t\t\t\t<section class=\"elementor-section elementor-top-section elementor-element elementor-element-00f776c elementor-section-boxed elementor-section-height-default elementor-section-height-default\" data-id=\"00f776c\" data-element_type=\"section\">\n\t\t\t\t\t\t<div class=\"elementor-container elementor-column-gap-default\">\n\t\t\t\t\t<div class=\"elementor-column elementor-col-100 elementor-top-column elementor-element elementor-element-c0a70b7\" data-id=\"c0a70b7\" data-element_type=\"column\">\n\t\t\t<div class=\"elementor-widget-wrap elementor-element-populated\">\n\t\t\t\t\t\t\t<\/div>\n\t\t<\/div>\n\t\t\t\t\t<\/div>\n\t\t<\/section>\n\t\t\t\t<section class=\"elementor-section elementor-top-section elementor-element elementor-element-072b20e elementor-section-boxed elementor-section-height-default elementor-section-height-default\" data-id=\"072b20e\" data-element_type=\"section\">\n\t\t\t\t\t\t<div class=\"elementor-container elementor-column-gap-default\">\n\t\t\t\t\t<div class=\"elementor-column elementor-col-100 elementor-top-column elementor-element elementor-element-a74f5da\" data-id=\"a74f5da\" data-element_type=\"column\">\n\t\t\t<div class=\"elementor-widget-wrap elementor-element-populated\">\n\t\t\t\t\t\t<div class=\"elementor-element elementor-element-33a1709 elementor-widget elementor-widget-image\" data-id=\"33a1709\" data-element_type=\"widget\" data-widget_type=\"image.default\">\n\t\t\t\t<div class=\"elementor-widget-container\">\n\t\t\t\t\t\t\t\t\t\t\t\t\t\t\t<img decoding=\"async\" width=\"269\" height=\"84\" src=\"https:\/\/casadellorolanzarote.com\/wp-content\/uploads\/2023\/06\/home-page-white.png\" class=\"attachment-large size-large wp-image-186\" alt=\"\" \/>\t\t\t\t\t\t\t\t\t\t\t\t\t\t\t<\/div>\n\t\t\t\t<\/div>\n\t\t\t\t\t<\/div>\n\t\t<\/div>\n\t\t\t\t\t<\/div>\n\t\t<\/section>\n\t\t\t\t<section class=\"elementor-section elementor-top-section elementor-element elementor-element-8866458 elementor-section-content-middle elementor-section-boxed elementor-section-height-default elementor-section-height-default\" data-id=\"8866458\" data-element_type=\"section\">\n\t\t\t\t\t\t<div class=\"elementor-container elementor-column-gap-default\">\n\t\t\t\t\t<div class=\"elementor-column elementor-col-100 elementor-top-column elementor-element elementor-element-d6385a6\" data-id=\"d6385a6\" data-element_type=\"column\">\n\t\t\t<div class=\"elementor-widget-wrap elementor-element-populated\">\n\t\t\t\t\t\t<div class=\"elementor-element elementor-element-579e854 elementor-widget elementor-widget-text-editor\" data-id=\"579e854\" data-element_type=\"widget\" data-widget_type=\"text-editor.default\">\n\t\t\t\t<div class=\"elementor-widget-container\">\n\t\t\t\t\t\t\t\t\t<p>Playa Blanca \u00a0\u00a0 |\u00a0\u00a0\u00a0 Lanzarote<\/p><p>email: <a href=\"mailto:casadellorolanzarote@gmail.com\">casadellorolanzarote@gmail.com<\/a><\/p>\t\t\t\t\t\t\t\t<\/div>\n\t\t\t\t<\/div>\n\t\t\t\t\t<\/div>\n\t\t<\/div>\n\t\t\t\t\t<\/div>\n\t\t<\/section>\n\t\t\t\t<\/div>","protected":false},"excerpt":{"rendered":"<p>Casa del Loro is a detached 4 bedroom self-catering villa in the popular residential Faro Park of Playa Blanca, Lanzarote, and is available to rent throughout the year. The villa has spacious living accommodation and a south facing terrace with heated swimming pool and BBQ area for al fresco dining. The sea and promenade are &#8230; <a title=\"Home\" class=\"read-more\" href=\"https:\/\/casadellorolanzarote.com\/de\/\" aria-label=\"Mehr Informationen \u00fcber Home\">Weiterlesen<\/a><\/p>","protected":false},"author":1,"featured_media":0,"parent":0,"menu_order":0,"comment_status":"closed","ping_status":"closed","template":"","meta":{"ngg_post_thumbnail":0,"footnotes":""},"class_list":["post-153","page","type-page","status-publish"],"aioseo_notices":[],"_links":{"self":[{"href":"https:\/\/casadellorolanzarote.com\/de\/wp-json\/wp\/v2\/pages\/153","targetHints":{"allow":["GET"]}}],"collection":[{"href":"https:\/\/casadellorolanzarote.com\/de\/wp-json\/wp\/v2\/pages"}],"about":[{"href":"https:\/\/casadellorolanzarote.com\/de\/wp-json\/wp\/v2\/types\/page"}],"author":[{"embeddable":true,"href":"https:\/\/casadellorolanzarote.com\/de\/wp-json\/wp\/v2\/users\/1"}],"replies":[{"embeddable":true,"href":"https:\/\/casadellorolanzarote.com\/de\/wp-json\/wp\/v2\/comments?post=153"}],"version-history":[{"count":122,"href":"https:\/\/casadellorolanzarote.com\/de\/wp-json\/wp\/v2\/pages\/153\/revisions"}],"predecessor-version":[{"id":869,"href":"https:\/\/casadellorolanzarote.com\/de\/wp-json\/wp\/v2\/pages\/153\/revisions\/869"}],"wp:attachment":[{"href":"https:\/\/casadellorolanzarote.com\/de\/wp-json\/wp\/v2\/media?parent=153"}],"curies":[{"name":"wp","href":"https:\/\/api.w.org\/{rel}","templated":true}]}}