{"id":110,"date":"2023-06-13T23:17:08","date_gmt":"2023-06-13T23:17:08","guid":{"rendered":"http:\/\/new.casadellorolanzarote.com\/?page_id=110"},"modified":"2023-11-08T15:45:31","modified_gmt":"2023-11-08T15:45:31","slug":"information","status":"publish","type":"page","link":"https:\/\/casadellorolanzarote.com\/de\/information\/","title":{"rendered":"Information"},"content":{"rendered":"<div data-elementor-type=\"wp-page\" data-elementor-id=\"110\" class=\"elementor elementor-110\">\n\t\t\t\t\t\t<section class=\"elementor-section elementor-top-section elementor-element elementor-element-20d0c3c elementor-section-boxed elementor-section-height-default elementor-section-height-default\" data-id=\"20d0c3c\" data-element_type=\"section\">\n\t\t\t\t\t\t<div class=\"elementor-container elementor-column-gap-default\">\n\t\t\t\t\t<div class=\"elementor-column elementor-col-100 elementor-top-column elementor-element elementor-element-fbfc22a\" data-id=\"fbfc22a\" data-element_type=\"column\">\n\t\t\t<div class=\"elementor-widget-wrap elementor-element-populated\">\n\t\t\t\t\t\t<div class=\"elementor-element elementor-element-4404528 elementor-widget elementor-widget-text-editor\" data-id=\"4404528\" data-element_type=\"widget\" data-widget_type=\"text-editor.default\">\n\t\t\t\t<div class=\"elementor-widget-container\">\n\t\t\t\t\t\t\t\t\t<p>Der Weg vom Flughafen Arrecife nach Playa Blanca betr\u00e4gt ca. 30 Minuten mit dem Auto. Um die Insel erkunden zu k\u00f6nnen, bietet es sich an, ein Auto zu mieten. Eine Reservierung im Vorfeld ist meist g\u00fcnstiger als vor Ort.<\/p>\n\n<p>Bettw\u00e4sche und Handt\u00fccher werden w\u00f6chentlich gewechselt. Strand- bzw. Poolt\u00fccher sind auch vorhanden. Der Pool wird w\u00e4hrend der Wintermonate (November \u2013 M\u00e4rz) kostenlos geheizt. In den \u00fcbrigen Monaten kann die Beheizung f\u00fcr 50\u20ac\/Woche dazugebucht werden.<\/p>\n<p>Kinder sind uns herzlich willkommen \u2013 ein Reisebett und ein Hochstuhl k\u00f6nnen gerne zur Verf\u00fcgung gestellt werden. Der Aqualava Water Park befindet sich ganz in der N\u00e4he.<\/p>\n<p>Satellitenfernsehen, Amazon Prime, DVD-Spieler und Stereoanlage mit Bluetooth-Schnittstelle sind vorhanden. Ebenso eine kleine Auswahl an CDs. Freier Internetzugang.<\/p>\n<p>Haustiere sind nicht erlaubt. Rauchen bitte nur auf Terrasse oder Balkon. Alle Buchungen entsprechen unserem Standardvertrag. Eine Kopie wird auf Anfrage gerne ausgeh\u00e4ndigt.<\/p>\n<p>Da uns die Umwelt am Herzen liegt, verf\u00fcgen wir \u00fcber eine Solaranlage, die 70-100 % des Energiebedarfs deckt.<\/p>\t\t\t\t\t\t\t\t<\/div>\n\t\t\t\t<\/div>\n\t\t\t\t\t<\/div>\n\t\t<\/div>\n\t\t\t\t\t<\/div>\n\t\t<\/section>\n\t\t\t\t<section class=\"elementor-section elementor-top-section elementor-element elementor-element-861012e elementor-section-boxed elementor-section-height-default elementor-section-height-default\" data-id=\"861012e\" data-element_type=\"section\">\n\t\t\t\t\t\t<div class=\"elementor-container elementor-column-gap-default\">\n\t\t\t\t\t<div class=\"elementor-column elementor-col-100 elementor-top-column elementor-element elementor-element-a377916\" data-id=\"a377916\" data-element_type=\"column\">\n\t\t\t<div class=\"elementor-widget-wrap elementor-element-populated\">\n\t\t\t\t\t\t<div class=\"elementor-element elementor-element-ec25e2f elementor-widget elementor-widget-spacer\" data-id=\"ec25e2f\" data-element_type=\"widget\" data-widget_type=\"spacer.default\">\n\t\t\t\t<div class=\"elementor-widget-container\">\n\t\t\t\t\t\t\t<div class=\"elementor-spacer\">\n\t\t\t<div class=\"elementor-spacer-inner\"><\/div>\n\t\t<\/div>\n\t\t\t\t\t\t<\/div>\n\t\t\t\t<\/div>\n\t\t\t\t\t<\/div>\n\t\t<\/div>\n\t\t\t\t\t<\/div>\n\t\t<\/section>\n\t\t\t\t<section class=\"elementor-section elementor-top-section elementor-element elementor-element-b4784ea elementor-section-boxed elementor-section-height-default elementor-section-height-default\" data-id=\"b4784ea\" data-element_type=\"section\">\n\t\t\t\t\t\t<div class=\"elementor-container elementor-column-gap-default\">\n\t\t\t\t\t<div class=\"elementor-column elementor-col-100 elementor-top-column elementor-element elementor-element-6cb024d\" data-id=\"6cb024d\" data-element_type=\"column\">\n\t\t\t<div class=\"elementor-widget-wrap elementor-element-populated\">\n\t\t\t\t\t\t<div class=\"elementor-element elementor-element-a29e35a elementor-widget-tablet__width-initial elementor-widget elementor-widget-html\" data-id=\"a29e35a\" data-element_type=\"widget\" data-widget_type=\"html.default\">\n\t\t\t\t<div class=\"elementor-widget-container\">\n\t\t\t\t\t<iframe src=\"https:\/\/www.google.com\/maps\/embed?pb=!1m17!1m12!1m3!1d3494.2307796513496!2d-13.869383818833283!3d28.86175299005173!2m3!1f0!2f0!3f0!3m2!1i1024!2i768!4f13.1!3m2!1m1!2zMjjCsDUxJzUyLjYiTiAxM8KwNTInMTkuNSJX!5e0!3m2!1sde!2sde!4v1686914864692!5m2!1sde!2sde\" width=\"600\" height=\"450\" style=\"border:0;\" allowfullscreen=\"\" loading=\"lazy\" referrerpolicy=\"no-referrer-when-downgrade\"><\/iframe>\t\t\t\t<\/div>\n\t\t\t\t<\/div>\n\t\t\t\t\t<\/div>\n\t\t<\/div>\n\t\t\t\t\t<\/div>\n\t\t<\/section>\n\t\t\t\t<section class=\"elementor-section elementor-top-section elementor-element elementor-element-2f5a7e2 elementor-section-boxed elementor-section-height-default elementor-section-height-default\" data-id=\"2f5a7e2\" data-element_type=\"section\">\n\t\t\t\t\t\t<div class=\"elementor-container elementor-column-gap-default\">\n\t\t\t\t\t<div class=\"elementor-column elementor-col-100 elementor-top-column elementor-element elementor-element-8391813\" data-id=\"8391813\" data-element_type=\"column\">\n\t\t\t<div class=\"elementor-widget-wrap elementor-element-populated\">\n\t\t\t\t\t\t<div class=\"elementor-element elementor-element-943c6ba elementor-widget elementor-widget-image\" data-id=\"943c6ba\" data-element_type=\"widget\" data-widget_type=\"image.default\">\n\t\t\t\t<div class=\"elementor-widget-container\">\n\t\t\t\t\t\t\t\t\t\t\t\t\t\t\t<img decoding=\"async\" width=\"269\" height=\"84\" src=\"https:\/\/casadellorolanzarote.com\/wp-content\/uploads\/2023\/06\/home-page-white.png\" class=\"attachment-large size-large wp-image-186\" alt=\"\" \/>\t\t\t\t\t\t\t\t\t\t\t\t\t\t\t<\/div>\n\t\t\t\t<\/div>\n\t\t\t\t\t<\/div>\n\t\t<\/div>\n\t\t\t\t\t<\/div>\n\t\t<\/section>\n\t\t\t\t<section class=\"elementor-section elementor-top-section elementor-element elementor-element-301b618 elementor-section-boxed elementor-section-height-default elementor-section-height-default\" data-id=\"301b618\" data-element_type=\"section\">\n\t\t\t\t\t\t<div class=\"elementor-container elementor-column-gap-default\">\n\t\t\t\t\t<div class=\"elementor-column elementor-col-100 elementor-top-column elementor-element elementor-element-275c1b3\" data-id=\"275c1b3\" data-element_type=\"column\">\n\t\t\t<div class=\"elementor-widget-wrap elementor-element-populated\">\n\t\t\t\t\t\t<div class=\"elementor-element elementor-element-f80337f elementor-widget elementor-widget-text-editor\" data-id=\"f80337f\" data-element_type=\"widget\" data-widget_type=\"text-editor.default\">\n\t\t\t\t<div class=\"elementor-widget-container\">\n\t\t\t\t\t\t\t\t\t<p>Playa Blanca | Lanzarote<\/p><p>email: <a href=\"mailto:casadellorolanzarote@gmail.com\">casadellorolanzarote@gmail.com<\/a><\/p>\t\t\t\t\t\t\t\t<\/div>\n\t\t\t\t<\/div>\n\t\t\t\t\t<\/div>\n\t\t<\/div>\n\t\t\t\t\t<\/div>\n\t\t<\/section>\n\t\t\t\t<\/div>","protected":false},"excerpt":{"rendered":"<p>Car hire is recommended and can be booked in advance online. The drive from Arrecife airport to Playa Blanca takes approx. 30 minutes. Clean bed linen and towels are provided weekly. Beach\/pool towels are also provided. The pool is heated during winter months (November-March) free of charge. In the remaining months, heating can be booked &#8230; <a title=\"Information\" class=\"read-more\" href=\"https:\/\/casadellorolanzarote.com\/de\/information\/\" aria-label=\"Mehr Informationen \u00fcber Information\">Weiterlesen<\/a><\/p>","protected":false},"author":1,"featured_media":0,"parent":0,"menu_order":0,"comment_status":"closed","ping_status":"closed","template":"","meta":{"ngg_post_thumbnail":0,"footnotes":""},"class_list":["post-110","page","type-page","status-publish"],"aioseo_notices":[],"_links":{"self":[{"href":"https:\/\/casadellorolanzarote.com\/de\/wp-json\/wp\/v2\/pages\/110","targetHints":{"allow":["GET"]}}],"collection":[{"href":"https:\/\/casadellorolanzarote.com\/de\/wp-json\/wp\/v2\/pages"}],"about":[{"href":"https:\/\/casadellorolanzarote.com\/de\/wp-json\/wp\/v2\/types\/page"}],"author":[{"embeddable":true,"href":"https:\/\/casadellorolanzarote.com\/de\/wp-json\/wp\/v2\/users\/1"}],"replies":[{"embeddable":true,"href":"https:\/\/casadellorolanzarote.com\/de\/wp-json\/wp\/v2\/comments?post=110"}],"version-history":[{"count":61,"href":"https:\/\/casadellorolanzarote.com\/de\/wp-json\/wp\/v2\/pages\/110\/revisions"}],"predecessor-version":[{"id":819,"href":"https:\/\/casadellorolanzarote.com\/de\/wp-json\/wp\/v2\/pages\/110\/revisions\/819"}],"wp:attachment":[{"href":"https:\/\/casadellorolanzarote.com\/de\/wp-json\/wp\/v2\/media?parent=110"}],"curies":[{"name":"wp","href":"https:\/\/api.w.org\/{rel}","templated":true}]}}