{"id":106,"date":"2023-06-13T23:16:11","date_gmt":"2023-06-13T23:16:11","guid":{"rendered":"http:\/\/new.casadellorolanzarote.com\/?page_id=106"},"modified":"2023-10-19T17:50:53","modified_gmt":"2023-10-19T17:50:53","slug":"playa-blanca","status":"publish","type":"page","link":"https:\/\/casadellorolanzarote.com\/de\/playa-blanca\/","title":{"rendered":"Playa Blanca"},"content":{"rendered":"<div data-elementor-type=\"wp-page\" data-elementor-id=\"106\" class=\"elementor elementor-106\">\n\t\t\t\t\t\t<section class=\"elementor-section elementor-top-section elementor-element elementor-element-636656c elementor-section-boxed elementor-section-height-default elementor-section-height-default\" data-id=\"636656c\" data-element_type=\"section\">\n\t\t\t\t\t\t<div class=\"elementor-container elementor-column-gap-default\">\n\t\t\t\t\t<div class=\"elementor-column elementor-col-100 elementor-top-column elementor-element elementor-element-ef6867a\" data-id=\"ef6867a\" data-element_type=\"column\">\n\t\t\t<div class=\"elementor-widget-wrap elementor-element-populated\">\n\t\t\t\t\t\t<div class=\"elementor-element elementor-element-70e9a42 elementor-widget elementor-widget-image\" data-id=\"70e9a42\" data-element_type=\"widget\" data-widget_type=\"image.default\">\n\t\t\t\t<div class=\"elementor-widget-container\">\n\t\t\t\t\t\t\t\t\t\t\t\t\t\t\t<img fetchpriority=\"high\" decoding=\"async\" width=\"1024\" height=\"682\" src=\"https:\/\/casadellorolanzarote.com\/wp-content\/uploads\/2023\/06\/IMG_6176-1024x682.jpg\" class=\"attachment-large size-large wp-image-77\" alt=\"\" srcset=\"https:\/\/casadellorolanzarote.com\/wp-content\/uploads\/2023\/06\/IMG_6176-1024x682.jpg 1024w, https:\/\/casadellorolanzarote.com\/wp-content\/uploads\/2023\/06\/IMG_6176-300x200.jpg 300w, https:\/\/casadellorolanzarote.com\/wp-content\/uploads\/2023\/06\/IMG_6176-768x512.jpg 768w, https:\/\/casadellorolanzarote.com\/wp-content\/uploads\/2023\/06\/IMG_6176-1536x1023.jpg 1536w, https:\/\/casadellorolanzarote.com\/wp-content\/uploads\/2023\/06\/IMG_6176.jpg 1920w\" sizes=\"(max-width: 1024px) 100vw, 1024px\" \/>\t\t\t\t\t\t\t\t\t\t\t\t\t\t\t<\/div>\n\t\t\t\t<\/div>\n\t\t\t\t\t<\/div>\n\t\t<\/div>\n\t\t\t\t\t<\/div>\n\t\t<\/section>\n\t\t\t\t<section class=\"elementor-section elementor-top-section elementor-element elementor-element-f2e6dc6 elementor-section-boxed elementor-section-height-default elementor-section-height-default\" data-id=\"f2e6dc6\" data-element_type=\"section\">\n\t\t\t\t\t\t<div class=\"elementor-container elementor-column-gap-default\">\n\t\t\t\t\t<div class=\"elementor-column elementor-col-100 elementor-top-column elementor-element elementor-element-eb6d27c\" data-id=\"eb6d27c\" data-element_type=\"column\">\n\t\t\t<div class=\"elementor-widget-wrap elementor-element-populated\">\n\t\t\t\t\t\t<div class=\"elementor-element elementor-element-af80a3a elementor-widget elementor-widget-spacer\" data-id=\"af80a3a\" data-element_type=\"widget\" data-widget_type=\"spacer.default\">\n\t\t\t\t<div class=\"elementor-widget-container\">\n\t\t\t\t\t\t\t<div class=\"elementor-spacer\">\n\t\t\t<div class=\"elementor-spacer-inner\"><\/div>\n\t\t<\/div>\n\t\t\t\t\t\t<\/div>\n\t\t\t\t<\/div>\n\t\t\t\t\t<\/div>\n\t\t<\/div>\n\t\t\t\t\t<\/div>\n\t\t<\/section>\n\t\t\t\t<section class=\"elementor-section elementor-top-section elementor-element elementor-element-9c9e42e elementor-section-boxed elementor-section-height-default elementor-section-height-default\" data-id=\"9c9e42e\" data-element_type=\"section\">\n\t\t\t\t\t\t<div class=\"elementor-container elementor-column-gap-default\">\n\t\t\t\t\t<div class=\"elementor-column elementor-col-33 elementor-top-column elementor-element elementor-element-3a4fd7f\" data-id=\"3a4fd7f\" data-element_type=\"column\">\n\t\t\t<div class=\"elementor-widget-wrap elementor-element-populated\">\n\t\t\t\t\t\t<div class=\"elementor-element elementor-element-ee8eca4 elementor-widget elementor-widget-text-editor\" data-id=\"ee8eca4\" data-element_type=\"widget\" data-widget_type=\"text-editor.default\">\n\t\t\t\t<div class=\"elementor-widget-container\">\n\t\t\t\t\t\t\t\t\t<div data-content-guid=\"u10608_content\">Lanzarote liegt als \u00f6stlichste der Kanarischen Inseln nur 130 km von Nordafrika entfernt im Atlantik.<\/div><div data-content-guid=\"u10608_content\">\u00a0<\/div><div data-muse-uid=\"U10609\" data-muse-type=\"txt_frame\"><p>In Playa Blanca herrscht ein trockenes mildes Klima mit H\u00f6chsttemperaturen von ca. 20 \u02daC im Januar bis 29\u02daC im August. Mit 100mm Niederschlag pro Jahr ein perfektes Reiseziel f\u00fcrs ganze Jahr.<\/p><p>Die Landschaft der Insel wird vom schwarzen Vulkangestein gepr\u00e4gt und konnte unter dem Einfluss des Architekten Cesar Manrique gr\u00f6\u00dftenteils den Bau von gro\u00dfen und hohen Hotelkomplexen vermeiden.<\/p><\/div>\t\t\t\t\t\t\t\t<\/div>\n\t\t\t\t<\/div>\n\t\t\t\t\t<\/div>\n\t\t<\/div>\n\t\t\t\t<div class=\"elementor-column elementor-col-33 elementor-top-column elementor-element elementor-element-e0c235e\" data-id=\"e0c235e\" data-element_type=\"column\">\n\t\t\t<div class=\"elementor-widget-wrap elementor-element-populated\">\n\t\t\t\t\t\t<div class=\"elementor-element elementor-element-25b944c elementor-widget elementor-widget-text-editor\" data-id=\"25b944c\" data-element_type=\"widget\" data-widget_type=\"text-editor.default\">\n\t\t\t\t<div class=\"elementor-widget-container\">\n\t\t\t\t\t\t\t\t\t<p>Playa Blanca ist der s\u00fcdlichste und sonnigste Teil der Insel Lanzarote, eine traumhafte Gegend f\u00fcr einen Familienurlaub.<\/p><p>Die Sandstr\u00e4nde Playa Flamingo oder Playa Dorada laden zum Burgen Bauen, aber auch zu sportlichen Aktivit\u00e4ten wie Windsurfen, Tretbootfahren etc. ein. Eine Besonderheit stellen die ber\u00fchmten idyllischen Naturstr\u00e4nde, Playas de Papagayo, dar, die man unbedingt besuchen sollte.<\/p><p>Zu langen Spazierg\u00e4ngen entlang der K\u00fcste l\u00e4dt die Promenade ein, die am Leuchtturm ganz im Westen beginnt und am Yachthafen Marina Rubicon mit seinen h\u00fcbschen Shops und Restaurants vorbei bis zur Playa de las Coloradas f\u00fchrt.<\/p>\t\t\t\t\t\t\t\t<\/div>\n\t\t\t\t<\/div>\n\t\t\t\t\t<\/div>\n\t\t<\/div>\n\t\t\t\t<div class=\"elementor-column elementor-col-33 elementor-top-column elementor-element elementor-element-0322cec\" data-id=\"0322cec\" data-element_type=\"column\">\n\t\t\t<div class=\"elementor-widget-wrap elementor-element-populated\">\n\t\t\t\t\t\t<div class=\"elementor-element elementor-element-e1cc7a9 elementor-widget elementor-widget-text-editor\" data-id=\"e1cc7a9\" data-element_type=\"widget\" data-widget_type=\"text-editor.default\">\n\t\t\t\t<div class=\"elementor-widget-container\">\n\t\t\t\t\t\t\t\t\t<p>Als Ausgangspunkt f\u00fcr Ausfl\u00fcge \u00fcber die Insel ist Playa Blanca ebenfalls ideal. Das Stra\u00dfennetz ist sehr gut ausgebaut und in 30 Minuten erreicht man z.B. den Timanfaya Nationalpark, die eindrucksvolle K\u00fcste von El Golfo oder das mond\u00e4ne Puerto Calero mit seinen Boutiquen und Restaurants. In Puerto Calero kann man auch Katamaran- und U-Boot-Ausfl\u00fcge buchen.<\/p><p>Im Hafen von Playa Blanca legt zudem die F\u00e4hre nach Fuerteventura ab \u2013 falls man die Nachbarinsel besuchen m\u00f6chte.<\/p>\t\t\t\t\t\t\t\t<\/div>\n\t\t\t\t<\/div>\n\t\t\t\t<div class=\"elementor-element elementor-element-59e267a elementor-align-center elementor-widget elementor-widget-button\" data-id=\"59e267a\" data-element_type=\"widget\" data-widget_type=\"button.default\">\n\t\t\t\t<div class=\"elementor-widget-container\">\n\t\t\t\t\t\t\t\t\t<div class=\"elementor-button-wrapper\">\n\t\t\t\t\t<a class=\"elementor-button elementor-button-link elementor-size-sm\" href=\"http:\/\/casadellorolanzarote.com\/de\/availability-rates\/\">\n\t\t\t\t\t\t<span class=\"elementor-button-content-wrapper\">\n\t\t\t\t\t\t\t\t\t<span class=\"elementor-button-text\">Verf\u00fcgbarkeit pr\u00fcfen<\/span>\n\t\t\t\t\t<\/span>\n\t\t\t\t\t<\/a>\n\t\t\t\t<\/div>\n\t\t\t\t\t\t\t\t<\/div>\n\t\t\t\t<\/div>\n\t\t\t\t\t<\/div>\n\t\t<\/div>\n\t\t\t\t\t<\/div>\n\t\t<\/section>\n\t\t\t\t<section class=\"elementor-section elementor-top-section elementor-element elementor-element-1f67e9b elementor-section-boxed elementor-section-height-default elementor-section-height-default\" data-id=\"1f67e9b\" data-element_type=\"section\">\n\t\t\t\t\t\t<div class=\"elementor-container elementor-column-gap-default\">\n\t\t\t\t\t<div class=\"elementor-column elementor-col-100 elementor-top-column elementor-element elementor-element-243b946\" data-id=\"243b946\" data-element_type=\"column\">\n\t\t\t<div class=\"elementor-widget-wrap elementor-element-populated\">\n\t\t\t\t\t\t<div class=\"elementor-element elementor-element-793b20b elementor-widget elementor-widget-spacer\" data-id=\"793b20b\" data-element_type=\"widget\" data-widget_type=\"spacer.default\">\n\t\t\t\t<div class=\"elementor-widget-container\">\n\t\t\t\t\t\t\t<div class=\"elementor-spacer\">\n\t\t\t<div class=\"elementor-spacer-inner\"><\/div>\n\t\t<\/div>\n\t\t\t\t\t\t<\/div>\n\t\t\t\t<\/div>\n\t\t\t\t\t<\/div>\n\t\t<\/div>\n\t\t\t\t\t<\/div>\n\t\t<\/section>\n\t\t\t\t<section class=\"elementor-section elementor-top-section elementor-element elementor-element-4ae8e66 elementor-section-boxed elementor-section-height-default elementor-section-height-default\" data-id=\"4ae8e66\" data-element_type=\"section\">\n\t\t\t\t\t\t<div class=\"elementor-container elementor-column-gap-default\">\n\t\t\t\t\t<div class=\"elementor-column elementor-col-100 elementor-top-column elementor-element elementor-element-b1f3b74\" data-id=\"b1f3b74\" data-element_type=\"column\">\n\t\t\t<div class=\"elementor-widget-wrap elementor-element-populated\">\n\t\t\t\t\t\t<div class=\"elementor-element elementor-element-7db4bc6 elementor-widget elementor-widget-image\" data-id=\"7db4bc6\" data-element_type=\"widget\" data-widget_type=\"image.default\">\n\t\t\t\t<div class=\"elementor-widget-container\">\n\t\t\t\t\t\t\t\t\t\t\t\t\t\t\t<img decoding=\"async\" width=\"269\" height=\"84\" src=\"https:\/\/casadellorolanzarote.com\/wp-content\/uploads\/2023\/06\/home-page-white.png\" class=\"attachment-large size-large wp-image-186\" alt=\"\" \/>\t\t\t\t\t\t\t\t\t\t\t\t\t\t\t<\/div>\n\t\t\t\t<\/div>\n\t\t\t\t\t<\/div>\n\t\t<\/div>\n\t\t\t\t\t<\/div>\n\t\t<\/section>\n\t\t\t\t<section class=\"elementor-section elementor-top-section elementor-element elementor-element-1bb3bd4 elementor-section-boxed elementor-section-height-default elementor-section-height-default\" data-id=\"1bb3bd4\" data-element_type=\"section\">\n\t\t\t\t\t\t<div class=\"elementor-container elementor-column-gap-default\">\n\t\t\t\t\t<div class=\"elementor-column elementor-col-100 elementor-top-column elementor-element elementor-element-528752e\" data-id=\"528752e\" data-element_type=\"column\">\n\t\t\t<div class=\"elementor-widget-wrap elementor-element-populated\">\n\t\t\t\t\t\t<div class=\"elementor-element elementor-element-6e22c93 elementor-widget elementor-widget-text-editor\" data-id=\"6e22c93\" data-element_type=\"widget\" data-widget_type=\"text-editor.default\">\n\t\t\t\t<div class=\"elementor-widget-container\">\n\t\t\t\t\t\t\t\t\t<div id=\"u337-4\" class=\"clearfix colelem shared_content\" data-content-guid=\"u337-4_content\"><p>Playa Blanca | Lanzarote<\/p><\/div><div id=\"u340-4\" class=\"clearfix colelem shared_content\" data-content-guid=\"u340-4_content\"><p>email: <a href=\"mailto:casadellorolanzarote@gmail.com\">casadellorolanzarote@gmail.com<\/a><\/p><\/div>\t\t\t\t\t\t\t\t<\/div>\n\t\t\t\t<\/div>\n\t\t\t\t\t<\/div>\n\t\t<\/div>\n\t\t\t\t\t<\/div>\n\t\t<\/section>\n\t\t\t\t<\/div>","protected":false},"excerpt":{"rendered":"<p>Lanzarote is the most\u00a0 easterly of the Canary Islands, situated just 79 miles west of North Africa in the Atlantic Ocean, and about 4 hours flying time from the UK.\u00a0 Playa Blanca enjoys a mild dry climate with average daytime temperatures ranging from about 20\u02daC in January to 29\u02daC in August. Average annual rainfall is &#8230; <a title=\"Playa Blanca\" class=\"read-more\" href=\"https:\/\/casadellorolanzarote.com\/de\/playa-blanca\/\" aria-label=\"Mehr Informationen \u00fcber Playa Blanca\">Weiterlesen<\/a><\/p>","protected":false},"author":1,"featured_media":0,"parent":0,"menu_order":0,"comment_status":"closed","ping_status":"closed","template":"","meta":{"ngg_post_thumbnail":0,"footnotes":""},"class_list":["post-106","page","type-page","status-publish"],"aioseo_notices":[],"_links":{"self":[{"href":"https:\/\/casadellorolanzarote.com\/de\/wp-json\/wp\/v2\/pages\/106","targetHints":{"allow":["GET"]}}],"collection":[{"href":"https:\/\/casadellorolanzarote.com\/de\/wp-json\/wp\/v2\/pages"}],"about":[{"href":"https:\/\/casadellorolanzarote.com\/de\/wp-json\/wp\/v2\/types\/page"}],"author":[{"embeddable":true,"href":"https:\/\/casadellorolanzarote.com\/de\/wp-json\/wp\/v2\/users\/1"}],"replies":[{"embeddable":true,"href":"https:\/\/casadellorolanzarote.com\/de\/wp-json\/wp\/v2\/comments?post=106"}],"version-history":[{"count":85,"href":"https:\/\/casadellorolanzarote.com\/de\/wp-json\/wp\/v2\/pages\/106\/revisions"}],"predecessor-version":[{"id":800,"href":"https:\/\/casadellorolanzarote.com\/de\/wp-json\/wp\/v2\/pages\/106\/revisions\/800"}],"wp:attachment":[{"href":"https:\/\/casadellorolanzarote.com\/de\/wp-json\/wp\/v2\/media?parent=106"}],"curies":[{"name":"wp","href":"https:\/\/api.w.org\/{rel}","templated":true}]}}